{"id":329829,"date":"2022-08-18T10:31:12","date_gmt":"2022-08-18T15:31:12","guid":{"rendered":"https:\/\/successsequence.com\/?page_id=329829"},"modified":"2025-04-07T10:56:59","modified_gmt":"2025-04-07T15:56:59","slug":"buy-teacher-courses","status":"publish","type":"page","link":"https:\/\/successsequence.com\/es\/buy-teacher-courses\/","title":{"rendered":"Comprar cursos para profesores"},"content":{"rendered":"<div data-elementor-type=\"wp-page\" data-elementor-id=\"329829\" class=\"elementor elementor-329829\" data-elementor-post-type=\"page\">\n\t\t\t\t\t\t<section class=\"elementor-section elementor-top-section elementor-element elementor-element-f6e5f88 elementor-section-boxed elementor-section-height-default elementor-section-height-default\" data-id=\"f6e5f88\" data-element_type=\"section\">\n\t\t\t\t\t\t<div class=\"elementor-container elementor-column-gap-default\">\n\t\t\t\t\t<div class=\"elementor-column elementor-col-100 elementor-top-column elementor-element elementor-element-46d43a0\" data-id=\"46d43a0\" data-element_type=\"column\">\n\t\t\t<div class=\"elementor-widget-wrap elementor-element-populated\">\n\t\t\t\t\t\t<div class=\"elementor-element elementor-element-d2964c8 elementor-widget elementor-widget-heading\" data-id=\"d2964c8\" data-element_type=\"widget\" data-widget_type=\"heading.default\">\n\t\t\t\t<div class=\"elementor-widget-container\">\n\t\t\t<style>\/*! elementor - v3.22.0 - 26-06-2024 *\/\n.elementor-heading-title{padding:0;margin:0;line-height:1}.elementor-widget-heading .elementor-heading-title[class*=elementor-size-]>a{color:inherit;font-size:inherit;line-height:inherit}.elementor-widget-heading .elementor-heading-title.elementor-size-small{font-size:15px}.elementor-widget-heading .elementor-heading-title.elementor-size-medium{font-size:19px}.elementor-widget-heading .elementor-heading-title.elementor-size-large{font-size:29px}.elementor-widget-heading .elementor-heading-title.elementor-size-xl{font-size:39px}.elementor-widget-heading .elementor-heading-title.elementor-size-xxl{font-size:59px}<\/style><h2 class=\"elementor-heading-title elementor-size-default\">Comprar licencias de grupo\/clase Formaci\u00f3n docente<\/h2>\t\t<\/div>\n\t\t\t\t<\/div>\n\t\t\t\t<div class=\"elementor-element elementor-element-bd9e34c elementor-widget-divider--view-line elementor-widget elementor-widget-divider\" data-id=\"bd9e34c\" data-element_type=\"widget\" data-widget_type=\"divider.default\">\n\t\t\t\t<div class=\"elementor-widget-container\">\n\t\t\t<style>\/*! elementor - v3.22.0 - 26-06-2024 *\/\n.elementor-widget-divider{--divider-border-style:none;--divider-border-width:1px;--divider-color:#0c0d0e;--divider-icon-size:20px;--divider-element-spacing:10px;--divider-pattern-height:24px;--divider-pattern-size:20px;--divider-pattern-url:none;--divider-pattern-repeat:repeat-x}.elementor-widget-divider .elementor-divider{display:flex}.elementor-widget-divider .elementor-divider__text{font-size:15px;line-height:1;max-width:95%}.elementor-widget-divider .elementor-divider__element{margin:0 var(--divider-element-spacing);flex-shrink:0}.elementor-widget-divider .elementor-icon{font-size:var(--divider-icon-size)}.elementor-widget-divider .elementor-divider-separator{display:flex;margin:0;direction:ltr}.elementor-widget-divider--view-line_icon .elementor-divider-separator,.elementor-widget-divider--view-line_text .elementor-divider-separator{align-items:center}.elementor-widget-divider--view-line_icon .elementor-divider-separator:after,.elementor-widget-divider--view-line_icon .elementor-divider-separator:before,.elementor-widget-divider--view-line_text .elementor-divider-separator:after,.elementor-widget-divider--view-line_text .elementor-divider-separator:before{display:block;content:\"\";border-block-end:0;flex-grow:1;border-block-start:var(--divider-border-width) var(--divider-border-style) var(--divider-color)}.elementor-widget-divider--element-align-left .elementor-divider .elementor-divider-separator>.elementor-divider__svg:first-of-type{flex-grow:0;flex-shrink:100}.elementor-widget-divider--element-align-left .elementor-divider-separator:before{content:none}.elementor-widget-divider--element-align-left .elementor-divider__element{margin-left:0}.elementor-widget-divider--element-align-right .elementor-divider .elementor-divider-separator>.elementor-divider__svg:last-of-type{flex-grow:0;flex-shrink:100}.elementor-widget-divider--element-align-right .elementor-divider-separator:after{content:none}.elementor-widget-divider--element-align-right .elementor-divider__element{margin-right:0}.elementor-widget-divider--element-align-start .elementor-divider .elementor-divider-separator>.elementor-divider__svg:first-of-type{flex-grow:0;flex-shrink:100}.elementor-widget-divider--element-align-start .elementor-divider-separator:before{content:none}.elementor-widget-divider--element-align-start .elementor-divider__element{margin-inline-start:0}.elementor-widget-divider--element-align-end .elementor-divider .elementor-divider-separator>.elementor-divider__svg:last-of-type{flex-grow:0;flex-shrink:100}.elementor-widget-divider--element-align-end .elementor-divider-separator:after{content:none}.elementor-widget-divider--element-align-end .elementor-divider__element{margin-inline-end:0}.elementor-widget-divider:not(.elementor-widget-divider--view-line_text):not(.elementor-widget-divider--view-line_icon) .elementor-divider-separator{border-block-start:var(--divider-border-width) var(--divider-border-style) var(--divider-color)}.elementor-widget-divider--separator-type-pattern{--divider-border-style:none}.elementor-widget-divider--separator-type-pattern.elementor-widget-divider--view-line .elementor-divider-separator,.elementor-widget-divider--separator-type-pattern:not(.elementor-widget-divider--view-line) .elementor-divider-separator:after,.elementor-widget-divider--separator-type-pattern:not(.elementor-widget-divider--view-line) .elementor-divider-separator:before,.elementor-widget-divider--separator-type-pattern:not([class*=elementor-widget-divider--view]) .elementor-divider-separator{width:100%;min-height:var(--divider-pattern-height);-webkit-mask-size:var(--divider-pattern-size) 100%;mask-size:var(--divider-pattern-size) 100%;-webkit-mask-repeat:var(--divider-pattern-repeat);mask-repeat:var(--divider-pattern-repeat);background-color:var(--divider-color);-webkit-mask-image:var(--divider-pattern-url);mask-image:var(--divider-pattern-url)}.elementor-widget-divider--no-spacing{--divider-pattern-size:auto}.elementor-widget-divider--bg-round{--divider-pattern-repeat:round}.rtl .elementor-widget-divider .elementor-divider__text{direction:rtl}.e-con-inner>.elementor-widget-divider,.e-con>.elementor-widget-divider{width:var(--container-widget-width,100%);--flex-grow:var(--container-widget-flex-grow)}<\/style>\t\t<div class=\"elementor-divider\">\n\t\t\t<span class=\"elementor-divider-separator\">\n\t\t\t\t\t\t<\/span>\n\t\t<\/div>\n\t\t\t\t<\/div>\n\t\t\t\t<\/div>\n\t\t\t\t<div class=\"elementor-element elementor-element-27cdc29 elementor-widget elementor-widget-text-editor\" data-id=\"27cdc29\" data-element_type=\"widget\" data-widget_type=\"text-editor.default\">\n\t\t\t\t<div class=\"elementor-widget-container\">\n\t\t\t<style>\/*! elementor - v3.22.0 - 26-06-2024 *\/\n.elementor-widget-text-editor.elementor-drop-cap-view-stacked .elementor-drop-cap{background-color:#69727d;color:#fff}.elementor-widget-text-editor.elementor-drop-cap-view-framed .elementor-drop-cap{color:#69727d;border:3px solid;background-color:transparent}.elementor-widget-text-editor:not(.elementor-drop-cap-view-default) .elementor-drop-cap{margin-top:8px}.elementor-widget-text-editor:not(.elementor-drop-cap-view-default) .elementor-drop-cap-letter{width:1em;height:1em}.elementor-widget-text-editor .elementor-drop-cap{float:left;text-align:center;line-height:1;font-size:50px}.elementor-widget-text-editor .elementor-drop-cap-letter{display:inline-block}<\/style>\t\t\t\t<p>Necesitar\u00e1 un asiento para cada profesor que realizar\u00e1 el curso.<\/p><p>A la hora de nombrar el Grupo de Formaci\u00f3n Docente recomendamos utilizar esta convenci\u00f3n: <strong>A\u00f1o escolar \u2013 Mes\/a\u00f1o de inicio<\/strong>. <\/p>\t\t\t\t\t\t<\/div>\n\t\t\t\t<\/div>\n\t\t\t\t\t<\/div>\n\t\t<\/div>\n\t\t\t\t\t<\/div>\n\t\t<\/section>\n\t\t\t\t<section class=\"elementor-section elementor-top-section elementor-element elementor-element-14df8bb elementor-section-boxed elementor-section-height-default elementor-section-height-default\" data-id=\"14df8bb\" data-element_type=\"section\">\n\t\t\t\t\t\t<div class=\"elementor-container elementor-column-gap-default\">\n\t\t\t\t\t<div class=\"elementor-column elementor-col-100 elementor-top-column elementor-element elementor-element-3729ef6\" data-id=\"3729ef6\" data-element_type=\"column\">\n\t\t\t<div class=\"elementor-widget-wrap elementor-element-populated\">\n\t\t\t\t\t\t<div class=\"elementor-element elementor-element-ca065d6 elementor-widget elementor-widget-shortcode\" data-id=\"ca065d6\" data-element_type=\"widget\" data-widget_type=\"shortcode.default\">\n\t\t\t\t<div class=\"elementor-widget-container\">\n\t\t\t\t\t<div class=\"elementor-shortcode\">\n<form id=\"uo-groups-buy-courses\" class=\"buy-courses-form\" method=\"POST\"\n\t  data-bulk-discount='{\"enabled\":\"no\"}' action=\"\">\n\n\t\n\t\n\t<input type=\"hidden\" id=\"_custom_buy_courses\" name=\"_custom_buy_courses\" value=\"cedc31fbea\" \/><input type=\"hidden\" name=\"_wp_http_referer\" value=\"\/es\/wp-json\/wp\/v2\/pages\/329829\" \/>\n\t\n\t\t\t<!-- Group data -->\n\t\t\t<div id=\"uo-groups-buy--group-data\" class=\"uo-groups-section\">\n\t\t\t\t<div id=\"uo-groups-buy-courses-data\" class=\"uo-row\">\n\t\t\t\t\t<div class=\"uo-groups-section-header\">\n\t\t\t\t\t\t<h3>Grupo<\/h3>\n\t\t\t\t\t<\/div>\n\n\t\t\t\t\t\n\t\t\t\t\t<div class=\"uo-groups-section-content uo-groups--bulk-discount-disabled\">\n\n\t\t\t\t\t\t<div class=\"uo-groups--group-data\">\n\t\t\t\t\t\t\t<!-- Group name -->\n\t\t\t\t\t\t\t<div class=\"uo-groups--group-name\">\n\t\t\t\t\t\t\t\t<div class=\"uo-groups-form-row\">\n\t\t\t\t\t\t\t\t\t<div class=\"uo-groups-form-row--title\">\n\t\t\t\t\t\t\t\t\t\tNombre del grupo\t\t\t\t\t\t\t\t\t<\/div>\n\t\t\t\t\t\t\t\t\t<div class=\"uo-groups-form-row--element\">\n\t\t\t\t\t\t\t\t\t\t<input\n\t\t\t\t\t\t\t\t\t\t\tclass=\"uo-input\"\n\t\t\t\t\t\t\t\t\t\t\ttype=\"text\"\n\t\t\t\t\t\t\t\t\t\t\tvalue=\"\"\n\t\t\t\t\t\t\t\t\t\t\tname=\"_custom_group_name\"\n\n\t\t\t\t\t\t\t\t\t\t\t\t\t\t\t\t\t\t\t\t\t\trequired=\"required\"\n\t\t\t\t\t\t\t\t\t\t>\n\t\t\t\t\t\t\t\t\t<\/div>\n\t\t\t\t\t\t\t\t\t<div class=\"uo-groups-form-row--comment\">\n\t\t\t\t\t\t\t\t\t\tEl nombre del grupo para el cual est\u00e1s comprando los cursos de aprendizaje.\t\t\t\t\t\t\t\t\t<\/div>\n\t\t\t\t\t\t\t\t<\/div>\n\t\t\t\t\t\t\t<\/div>\n\n\t\t\t\t\t\t\t<!-- Seats -->\n\t\t\t\t\t\t\t<div class=\"uo-groups--group-seats\">\n\t\t\t\t\t\t\t\t<div class=\"uo-groups-form-row\">\n\t\t\t\t\t\t\t\t\t<div class=\"uo-groups-form-row--title\">\n\t\t\t\t\t\t\t\t\t\tAsientos\t\t\t\t\t\t\t\t\t<\/div>\n\t\t\t\t\t\t\t\t\t<div class=\"uo-groups-form-row--element\">\n\t\t\t\t\t\t\t\t\t\t<input type=\"hidden\" name=\"ulgm_license_min_qty\"\n\t\t\t\t\t\t\t\t\t\t\t   value=\"1\">\n\t\t\t\t\t\t\t\t\t\t<input type=\"hidden\" name=\"ulgm_license_max_qty\"\n\t\t\t\t\t\t\t\t\t\t\t   value=\"99999999\">\n\t\t\t\t\t\t\t\t\t\t<input\n\t\t\t\t\t\t\t\t\t\t\tclass=\"uo-input\"\n\t\t\t\t\t\t\t\t\t\t\ttype=\"number\"\n\t\t\t\t\t\t\t\t\t\t\tvalue=\"1\"\n\t\t\t\t\t\t\t\t\t\t\tname=\"_custom_qty\"\n\t\t\t\t\t\t\t\t\t\t\tid=\"uo-groups-buy-course-field-quantity\"\n\t\t\t\t\t\t\t\t\t\t\tmin=\"1\"\n\t\t\t\t\t\t\t\t\t\t\tmax=\"99999999\"\n\t\t\t\t\t\t\t\t\t\t\trequired=\"required\"\n\t\t\t\t\t\t\t\t\t\t\t\t\t\t\t\t\t\t\t\t\t>\n\t\t\t\t\t\t\t\t\t<\/div>\n\t\t\t\t\t\t\t\t\t<div class=\"uo-groups-form-row--comment\">\n\t\t\t\t\t\t\t\t\t\tEl n\u00famero de usuarios que requieren acceso.\t\t\t\t\t\t\t\t\t<\/div>\n\t\t\t\t\t\t\t\t<\/div>\n\t\t\t\t\t\t\t<\/div>\n\t\t\t\t\t\t<\/div>\n\n\t\t\t\t\t\t\n\t\t\t\t\t<\/div>\n\t\t\t\t<\/div>\n\t\t\t<\/div>\n\n\t\t\t<!-- Select courses -->\n\t\t\t<div id=\"uo-groups-buy--courses\" class=\"uo-groups-section\">\n\t\t\t\t<div id=\"uo-groups-buy-courses-select\" class=\"uo-row\">\n\t\t\t\t\t<div class=\"uo-groups-section-header\">\n\t\t\t\t\t\t<h3>\n\t\t\t\t\t\t\tCursos de aprendizaje\t\t\t\t\t\t<\/h3>\n\t\t\t\t\t<\/div>\n\t\t\t\t\t<div class=\"uo-groups-section-content\">\n\t\t\t\t\t\t<div class=\"uo-groups--courses\">\n\t\t\t\t\t\t\t<div class=\"uo-groups-box\">\n\t\t\t\t\t\t\t\t<div class=\"uo-groups-table\">\n\t\t\t\t\t\t\t\t\t<div class=\"uo-groups-table-header\">\n\t\t\t\t\t\t\t\t\t\tPrecio\t\t\t\t\t\t\t\t\t<\/div>\n\t\t\t\t\t\t\t\t\t<div class=\"uo-groups-table-content\">\n\n\t\t\t\t\t\t\t\t\t\t\n\t\t\t\t\t\t\t\t\t\t\t<div class=\"uo-groups-table-row\"\n\t\t\t\t\t\t\t\t\t\t\t\t data-course-id=\"639\"\n\t\t\t\t\t\t\t\t\t\t\t\t data-product-id=\"1644\">\n\n\t\t\t\t\t\t\t\t\t\t\t\t<div\n\t\t\t\t\t\t\t\t\t\t\t\t\tclass=\"uo-groups-table-cell uo-groups-table-name checkbox-required\">\n\t\t\t\t\t\t\t\t\t\t\t\t\t\n\t\t\t\t\t\t\t\t\t\t\t\t\t\t<label class=\"uo-checkbox\">\n\t\t\t\t\t\t\t\t\t\t\t\t\t\t\t<input type=\"checkbox\" class=\"bb-custom-check\"\n\t\t\t\t\t\t\t\t\t\t\t\t\t\t\t\t   data-price=\"150\"\n\t\t\t\t\t\t\t\t\t\t\t\t\t\t\t\t   name=\"_custom_selected_courses[]\"\n\t\t\t\t\t\t\t\t\t\t\t\t\t\t\t\t   value=\"1644\"\/>\n\t\t\t\t\t\t\t\t\t\t\t\t\t\t\t<div class=\"uo-checkmark\"><\/div>\n\t\t\t\t\t\t\t\t\t\t\t\t\t\t\t<span class=\"uo-label\">\n\t\t\t\t\t\t\t\t\t\t\t\t\t\t\t\t\t\t\tFormaci\u00f3n de profesores - Aspire\t\t\t\t\t\t\t\t\t\t\t\t\t\t\t\t\t\t<\/span>\n\t\t\t\t\t\t\t\t\t\t\t\t\t\t<\/label>\n\n\t\t\t\t\t\t\t\t\t\t\t\t\t\n\t\t\t\t\t\t\t\t\t\t\t\t<\/div>\n\n\t\t\t\t\t\t\t\t\t\t\t\t<div class=\"uo-groups-table-cell uo-groups-table-price\">\n\t\t\t\t\t\t\t\t\t\t\t\t\t<span class=\"woocommerce-Price-amount amount\"><bdi><span class=\"woocommerce-Price-currencySymbol\">&#36;<\/span>150.00<\/bdi><\/span>\t\t\t\t\t\t\t\t\t\t\t\t<\/div>\n\n\t\t\t\t\t\t\t\t\t\t\t<\/div>\n\n\t\t\t\t\t\t\t\t\t\t\t\n\t\t\t\t\t\t\t\t\t\t\t<div class=\"uo-groups-table-row\"\n\t\t\t\t\t\t\t\t\t\t\t\t data-course-id=\"474\"\n\t\t\t\t\t\t\t\t\t\t\t\t data-product-id=\"1643\">\n\n\t\t\t\t\t\t\t\t\t\t\t\t<div\n\t\t\t\t\t\t\t\t\t\t\t\t\tclass=\"uo-groups-table-cell uo-groups-table-name checkbox-required\">\n\t\t\t\t\t\t\t\t\t\t\t\t\t\n\t\t\t\t\t\t\t\t\t\t\t\t\t\t<label class=\"uo-checkbox\">\n\t\t\t\t\t\t\t\t\t\t\t\t\t\t\t<input type=\"checkbox\" class=\"bb-custom-check\"\n\t\t\t\t\t\t\t\t\t\t\t\t\t\t\t\t   data-price=\"150\"\n\t\t\t\t\t\t\t\t\t\t\t\t\t\t\t\t   name=\"_custom_selected_courses[]\"\n\t\t\t\t\t\t\t\t\t\t\t\t\t\t\t\t   value=\"1643\"\/>\n\t\t\t\t\t\t\t\t\t\t\t\t\t\t\t<div class=\"uo-checkmark\"><\/div>\n\t\t\t\t\t\t\t\t\t\t\t\t\t\t\t<span class=\"uo-label\">\n\t\t\t\t\t\t\t\t\t\t\t\t\t\t\t\t\t\t\tFormaci\u00f3n de profesores: plan de juego\t\t\t\t\t\t\t\t\t\t\t\t\t\t\t\t\t\t<\/span>\n\t\t\t\t\t\t\t\t\t\t\t\t\t\t<\/label>\n\n\t\t\t\t\t\t\t\t\t\t\t\t\t\n\t\t\t\t\t\t\t\t\t\t\t\t<\/div>\n\n\t\t\t\t\t\t\t\t\t\t\t\t<div class=\"uo-groups-table-cell uo-groups-table-price\">\n\t\t\t\t\t\t\t\t\t\t\t\t\t<span class=\"woocommerce-Price-amount amount\"><bdi><span class=\"woocommerce-Price-currencySymbol\">&#36;<\/span>150.00<\/bdi><\/span>\t\t\t\t\t\t\t\t\t\t\t\t<\/div>\n\n\t\t\t\t\t\t\t\t\t\t\t<\/div>\n\n\t\t\t\t\t\t\t\t\t\t\t\n\t\t\t\t\t\t\t\t\t\t\t<div class=\"uo-groups-table-row\"\n\t\t\t\t\t\t\t\t\t\t\t\t data-course-id=\"577\"\n\t\t\t\t\t\t\t\t\t\t\t\t data-product-id=\"1645\">\n\n\t\t\t\t\t\t\t\t\t\t\t\t<div\n\t\t\t\t\t\t\t\t\t\t\t\t\tclass=\"uo-groups-table-cell uo-groups-table-name checkbox-required\">\n\t\t\t\t\t\t\t\t\t\t\t\t\t\n\t\t\t\t\t\t\t\t\t\t\t\t\t\t<label class=\"uo-checkbox\">\n\t\t\t\t\t\t\t\t\t\t\t\t\t\t\t<input type=\"checkbox\" class=\"bb-custom-check\"\n\t\t\t\t\t\t\t\t\t\t\t\t\t\t\t\t   data-price=\"150\"\n\t\t\t\t\t\t\t\t\t\t\t\t\t\t\t\t   name=\"_custom_selected_courses[]\"\n\t\t\t\t\t\t\t\t\t\t\t\t\t\t\t\t   value=\"1645\"\/>\n\t\t\t\t\t\t\t\t\t\t\t\t\t\t\t<div class=\"uo-checkmark\"><\/div>\n\t\t\t\t\t\t\t\t\t\t\t\t\t\t\t<span class=\"uo-label\">\n\t\t\t\t\t\t\t\t\t\t\t\t\t\t\t\t\t\t\tFormaci\u00f3n de Profesores - Navegador\t\t\t\t\t\t\t\t\t\t\t\t\t\t\t\t\t\t<\/span>\n\t\t\t\t\t\t\t\t\t\t\t\t\t\t<\/label>\n\n\t\t\t\t\t\t\t\t\t\t\t\t\t\n\t\t\t\t\t\t\t\t\t\t\t\t<\/div>\n\n\t\t\t\t\t\t\t\t\t\t\t\t<div class=\"uo-groups-table-cell uo-groups-table-price\">\n\t\t\t\t\t\t\t\t\t\t\t\t\t<span class=\"woocommerce-Price-amount amount\"><bdi><span class=\"woocommerce-Price-currencySymbol\">&#36;<\/span>150.00<\/bdi><\/span>\t\t\t\t\t\t\t\t\t\t\t\t<\/div>\n\n\t\t\t\t\t\t\t\t\t\t\t<\/div>\n\n\t\t\t\t\t\t\t\t\t\t\t\n\t\t\t\t\t\t\t\t\t\t\t<div class=\"uo-groups-table-row\"\n\t\t\t\t\t\t\t\t\t\t\t\t data-course-id=\"604\"\n\t\t\t\t\t\t\t\t\t\t\t\t data-product-id=\"1646\">\n\n\t\t\t\t\t\t\t\t\t\t\t\t<div\n\t\t\t\t\t\t\t\t\t\t\t\t\tclass=\"uo-groups-table-cell uo-groups-table-name checkbox-required\">\n\t\t\t\t\t\t\t\t\t\t\t\t\t\n\t\t\t\t\t\t\t\t\t\t\t\t\t\t<label class=\"uo-checkbox\">\n\t\t\t\t\t\t\t\t\t\t\t\t\t\t\t<input type=\"checkbox\" class=\"bb-custom-check\"\n\t\t\t\t\t\t\t\t\t\t\t\t\t\t\t\t   data-price=\"150\"\n\t\t\t\t\t\t\t\t\t\t\t\t\t\t\t\t   name=\"_custom_selected_courses[]\"\n\t\t\t\t\t\t\t\t\t\t\t\t\t\t\t\t   value=\"1646\"\/>\n\t\t\t\t\t\t\t\t\t\t\t\t\t\t\t<div class=\"uo-checkmark\"><\/div>\n\t\t\t\t\t\t\t\t\t\t\t\t\t\t\t<span class=\"uo-label\">\n\t\t\t\t\t\t\t\t\t\t\t\t\t\t\t\t\t\t\tFormaci\u00f3n de profesores - Misi\u00f3n\t\t\t\t\t\t\t\t\t\t\t\t\t\t\t\t\t\t<\/span>\n\t\t\t\t\t\t\t\t\t\t\t\t\t\t<\/label>\n\n\t\t\t\t\t\t\t\t\t\t\t\t\t\n\t\t\t\t\t\t\t\t\t\t\t\t<\/div>\n\n\t\t\t\t\t\t\t\t\t\t\t\t<div class=\"uo-groups-table-cell uo-groups-table-price\">\n\t\t\t\t\t\t\t\t\t\t\t\t\t<span class=\"woocommerce-Price-amount amount\"><bdi><span class=\"woocommerce-Price-currencySymbol\">&#36;<\/span>150.00<\/bdi><\/span>\t\t\t\t\t\t\t\t\t\t\t\t<\/div>\n\n\t\t\t\t\t\t\t\t\t\t\t<\/div>\n\n\t\t\t\t\t\t\t\t\t\t\t\t\t\t\t\t\t\t\t\t<\/div>\n\n\t\t\t\t\t\t\t\t\t\n\t\t\t\t\t\t\t\t<\/div>\n\t\t\t\t\t\t\t<\/div>\n\t\t\t\t\t\t<\/div>\n\t\t\t\t\t<\/div>\n\t\t\t\t<\/div>\n\t\t\t<\/div>\n\n\t\t\t<!-- Total -->\n\t\t\t<div id=\"uo-groups-buy--totals\"\n\t\t\t\t class=\"uo-groups-section\">\n\t\t\t\t<div id=\"uo-groups-buy-courses-total\" class=\"uo-row\">\n\t\t\t\t\t<div class=\"uo-groups-section-content\">\n\t\t\t\t\t\t<div class=\"uo-groups--totals\">\n\t\t\t\t\t\t\t<div class=\"uo-groups-box\">\n\t\t\t\t\t\t\t\t<div class=\"uo-groups-table\">\n\t\t\t\t\t\t\t\t\t<div class=\"uo-groups-table-content\">\n\t\t\t\t\t\t\t\t\t\t<!-- Subtotal -->\n\t\t\t\t\t\t\t\t\t\t<div class=\"uo-groups-table-row uo-groups-table-row--subtotal\">\n\t\t\t\t\t\t\t\t\t\t\t<div class=\"uo-groups-table-cell uo-groups-table-name\">\n\t\t\t\t\t\t\t\t\t\t\t\t<h5>Total del carrito<\/h5><\/div>\n\t\t\t\t\t\t\t\t\t\t<\/div>\n\t\t\t\t\t\t\t\t\t\t\n\t\t\t\t\t\t\t\t\t\t\n\t\t\t\t\t\t\t\t\t\t<!-- Total -->\n\t\t\t\t\t\t\t\t\t\t<div class=\"uo-groups-table-row uo-groups-table-row--total\">\n\t\t\t\t\t\t\t\t\t\t\t<div\n\t\t\t\t\t\t\t\t\t\t\t\tclass=\"uo-groups-table-cell uo-groups-table-name\">Total<\/div>\n\t\t\t\t\t\t\t\t\t\t\t<div class=\"uo-groups-table-cell uo-groups-table-price\">\n\t\t\t\t\t\t\t\t\t\t\t\t<div id=\"uo-groups-buy-course-totals-total\">\n\t\t\t\t\t\t\t\t\t\t\t\t\t<span class=\"woocommerce-Price-amount amount\"><bdi><span class=\"woocommerce-Price-currencySymbol\">&#36;<\/span>0.00<\/bdi><\/span>\t\t\t\t\t\t\t\t\t\t\t\t<\/div>\n\t\t\t\t\t\t\t\t\t\t\t<\/div>\n\t\t\t\t\t\t\t\t\t\t<\/div>\n\n\t\t\t\t\t\t\t\t\t<\/div>\n\t\t\t\t\t\t\t\t<\/div>\n\n\t\t\t\t\t\t\t\t\t\t\t\t\t\t\t<\/div>\n\t\t\t\t\t\t<\/div>\n\t\t\t\t\t<\/div>\n\t\t\t\t<\/div>\n\t\t\t<\/div>\n\n\t\t\t<!-- Maybe change this class? -->\n\t\t\t<div id=\"uo-groups-buy-course-error-notice\" class=\"uo_groups_error\"><\/div>\n\n\t\t\n\t\t<!-- Add to cart -->\n\t\t<div id=\"uo-groups-buy--add-to-cart\" class=\"uo-groups-section\">\n\t\t\t<div class=\"uo-row\">\n\n\t\t\t\t\n\t\t\t\t\t<button type=\"submit\" id=\"submit\"\n\t\t\t\t\t\t\tclass=\"uo-btn\">A\u00f1adir a la cesta<\/button>\n\n\t\t\t\t\n\t\t\t<\/div>\n\t\t<\/div>\n\n\t<input type=\"hidden\" name=\"trp-form-language\" value=\"es\"\/><\/form>\n <\/div>\n\t\t\t\t<\/div>\n\t\t\t\t<\/div>\n\t\t\t\t\t<\/div>\n\t\t<\/div>\n\t\t\t\t\t<\/div>\n\t\t<\/section>\n\t\t\t\t<\/div>","protected":false},"excerpt":{"rendered":"<p>Comprar licencias de grupo\/clase Formaci\u00f3n docente Necesitar\u00e1 un asiento para cada profesor que realizar\u00e1 el curso. Al nombrar el Grupo de Formaci\u00f3n Docente recomendamos utilizar esta convenci\u00f3n: A\u00f1o Escolar \u2013 Mes\/A\u00f1o de Inicio.<\/p>","protected":false},"author":1,"featured_media":0,"parent":0,"menu_order":0,"comment_status":"closed","ping_status":"closed","template":"elementor_header_footer","meta":{"_acf_changed":false,"site-sidebar-layout":"no-sidebar","site-content-layout":"page-builder","ast-global-header-display":"","ast-main-header-display":"","ast-hfb-above-header-display":"","ast-hfb-below-header-display":"","ast-hfb-mobile-header-display":"","site-post-title":"disabled","ast-breadcrumbs-content":"","ast-featured-img":"disabled","footer-sml-layout":"","theme-transparent-header-meta":"default","adv-header-id-meta":"","stick-header-meta":"","header-above-stick-meta":"","header-main-stick-meta":"","header-below-stick-meta":"","footnotes":""},"acf":[],"yoast_head":"<!-- This site is optimized with the Yoast SEO plugin v23.0 - https:\/\/yoast.com\/wordpress\/plugins\/seo\/ -->\n<title>Buy Teacher Courses - The Success Sequence Program<\/title>\n<meta name=\"robots\" content=\"index, follow, max-snippet:-1, max-image-preview:large, max-video-preview:-1\" \/>\n<link rel=\"canonical\" href=\"https:\/\/successsequence.com\/es\/buy-teacher-courses\/\" \/>\n<meta property=\"og:locale\" content=\"es_ES\" \/>\n<meta property=\"og:type\" content=\"article\" \/>\n<meta property=\"og:title\" content=\"Buy Teacher Courses - The Success Sequence Program\" \/>\n<meta property=\"og:description\" content=\"Buy Group\/Class Licenses Teacher Training You will need a seat for each teacher who will take the course. When naming the Teacher Training Group we recommend using this convention: School Year &#8211; Start Month\/Year.\" \/>\n<meta property=\"og:url\" content=\"https:\/\/successsequence.com\/es\/buy-teacher-courses\/\" \/>\n<meta property=\"og:site_name\" content=\"The Success Sequence Program\" \/>\n<meta property=\"article:modified_time\" content=\"2025-04-07T15:56:59+00:00\" \/>\n<meta name=\"twitter:card\" content=\"summary_large_image\" \/>\n<meta name=\"twitter:label1\" content=\"Tiempo de lectura\" \/>\n\t<meta name=\"twitter:data1\" content=\"1 minuto\" \/>\n<script type=\"application\/ld+json\" class=\"yoast-schema-graph\">{\"@context\":\"https:\/\/schema.org\",\"@graph\":[{\"@type\":\"WebPage\",\"@id\":\"https:\/\/successsequence.com\/buy-teacher-courses\/\",\"url\":\"https:\/\/successsequence.com\/buy-teacher-courses\/\",\"name\":\"Buy Teacher Courses - The Success Sequence Program\",\"isPartOf\":{\"@id\":\"https:\/\/successsequence.com\/#website\"},\"datePublished\":\"2022-08-18T15:31:12+00:00\",\"dateModified\":\"2025-04-07T15:56:59+00:00\",\"breadcrumb\":{\"@id\":\"https:\/\/successsequence.com\/buy-teacher-courses\/#breadcrumb\"},\"inLanguage\":\"es\",\"potentialAction\":[{\"@type\":\"ReadAction\",\"target\":[\"https:\/\/successsequence.com\/buy-teacher-courses\/\"]}]},{\"@type\":\"BreadcrumbList\",\"@id\":\"https:\/\/successsequence.com\/buy-teacher-courses\/#breadcrumb\",\"itemListElement\":[{\"@type\":\"ListItem\",\"position\":1,\"name\":\"Home\",\"item\":\"https:\/\/successsequence.com\/\"},{\"@type\":\"ListItem\",\"position\":2,\"name\":\"Buy Teacher Courses\"}]},{\"@type\":\"WebSite\",\"@id\":\"https:\/\/successsequence.com\/#website\",\"url\":\"https:\/\/successsequence.com\/\",\"name\":\"The Success Sequence Program\",\"description\":\"Online Learning from A&amp;M Resources\",\"potentialAction\":[{\"@type\":\"SearchAction\",\"target\":{\"@type\":\"EntryPoint\",\"urlTemplate\":\"https:\/\/successsequence.com\/?s={search_term_string}\"},\"query-input\":\"required name=search_term_string\"}],\"inLanguage\":\"es\"}]}<\/script>\n<!-- \/ Yoast SEO plugin. -->","yoast_head_json":{"title":"Buy Teacher Courses - The Success Sequence Program","robots":{"index":"index","follow":"follow","max-snippet":"max-snippet:-1","max-image-preview":"max-image-preview:large","max-video-preview":"max-video-preview:-1"},"canonical":"https:\/\/successsequence.com\/es\/buy-teacher-courses\/","og_locale":"es_ES","og_type":"article","og_title":"Buy Teacher Courses - The Success Sequence Program","og_description":"Buy Group\/Class Licenses Teacher Training You will need a seat for each teacher who will take the course. When naming the Teacher Training Group we recommend using this convention: School Year &#8211; Start Month\/Year.","og_url":"https:\/\/successsequence.com\/es\/buy-teacher-courses\/","og_site_name":"The Success Sequence Program","article_modified_time":"2025-04-07T15:56:59+00:00","twitter_card":"summary_large_image","twitter_misc":{"Tiempo de lectura":"1 minuto"},"schema":{"@context":"https:\/\/schema.org","@graph":[{"@type":"WebPage","@id":"https:\/\/successsequence.com\/buy-teacher-courses\/","url":"https:\/\/successsequence.com\/buy-teacher-courses\/","name":"Buy Teacher Courses - The Success Sequence Program","isPartOf":{"@id":"https:\/\/successsequence.com\/#website"},"datePublished":"2022-08-18T15:31:12+00:00","dateModified":"2025-04-07T15:56:59+00:00","breadcrumb":{"@id":"https:\/\/successsequence.com\/buy-teacher-courses\/#breadcrumb"},"inLanguage":"es","potentialAction":[{"@type":"ReadAction","target":["https:\/\/successsequence.com\/buy-teacher-courses\/"]}]},{"@type":"BreadcrumbList","@id":"https:\/\/successsequence.com\/buy-teacher-courses\/#breadcrumb","itemListElement":[{"@type":"ListItem","position":1,"name":"Home","item":"https:\/\/successsequence.com\/"},{"@type":"ListItem","position":2,"name":"Buy Teacher Courses"}]},{"@type":"WebSite","@id":"https:\/\/successsequence.com\/#website","url":"https:\/\/successsequence.com\/","name":"The Success Sequence Program","description":"Online Learning from A&amp;M Resources","potentialAction":[{"@type":"SearchAction","target":{"@type":"EntryPoint","urlTemplate":"https:\/\/successsequence.com\/?s={search_term_string}"},"query-input":"required name=search_term_string"}],"inLanguage":"es"}]}},"_links":{"self":[{"href":"https:\/\/successsequence.com\/es\/wp-json\/wp\/v2\/pages\/329829"}],"collection":[{"href":"https:\/\/successsequence.com\/es\/wp-json\/wp\/v2\/pages"}],"about":[{"href":"https:\/\/successsequence.com\/es\/wp-json\/wp\/v2\/types\/page"}],"author":[{"embeddable":true,"href":"https:\/\/successsequence.com\/es\/wp-json\/wp\/v2\/users\/1"}],"replies":[{"embeddable":true,"href":"https:\/\/successsequence.com\/es\/wp-json\/wp\/v2\/comments?post=329829"}],"version-history":[{"count":13,"href":"https:\/\/successsequence.com\/es\/wp-json\/wp\/v2\/pages\/329829\/revisions"}],"predecessor-version":[{"id":587264,"href":"https:\/\/successsequence.com\/es\/wp-json\/wp\/v2\/pages\/329829\/revisions\/587264"}],"wp:attachment":[{"href":"https:\/\/successsequence.com\/es\/wp-json\/wp\/v2\/media?parent=329829"}],"curies":[{"name":"wp","href":"https:\/\/api.w.org\/{rel}","templated":true}]}}