{"id":501,"date":"2019-07-04T13:09:05","date_gmt":"2019-07-04T13:09:05","guid":{"rendered":"https:\/\/successsequence.com\/?page_id=501"},"modified":"2025-07-02T09:25:02","modified_gmt":"2025-07-02T14:25:02","slug":"teacher-training","status":"publish","type":"page","link":"https:\/\/successsequence.com\/es\/teacher-training\/","title":{"rendered":"Formaci\u00f3n de profesores"},"content":{"rendered":"<div data-elementor-type=\"wp-post\" data-elementor-id=\"501\" class=\"elementor elementor-501\" data-elementor-post-type=\"page\">\n\t\t\t\t\t\t<section class=\"elementor-section elementor-top-section elementor-element elementor-element-6d662a9 elementor-section-boxed elementor-section-height-default elementor-section-height-default\" data-id=\"6d662a9\" data-element_type=\"section\" id=\"mainCourses\">\n\t\t\t\t\t\t<div class=\"elementor-container elementor-column-gap-default\">\n\t\t\t\t\t<div class=\"elementor-column elementor-col-100 elementor-top-column elementor-element elementor-element-a87bae0\" data-id=\"a87bae0\" data-element_type=\"column\">\n\t\t\t<div class=\"elementor-widget-wrap elementor-element-populated\">\n\t\t\t\t\t\t<div class=\"elementor-element elementor-element-fbab77e elementor-widget elementor-widget-heading\" data-id=\"fbab77e\" data-element_type=\"widget\" data-widget_type=\"heading.default\">\n\t\t\t\t<div class=\"elementor-widget-container\">\n\t\t\t<style>\/*! elementor - v3.22.0 - 26-06-2024 *\/\n.elementor-heading-title{padding:0;margin:0;line-height:1}.elementor-widget-heading .elementor-heading-title[class*=elementor-size-]>a{color:inherit;font-size:inherit;line-height:inherit}.elementor-widget-heading .elementor-heading-title.elementor-size-small{font-size:15px}.elementor-widget-heading .elementor-heading-title.elementor-size-medium{font-size:19px}.elementor-widget-heading .elementor-heading-title.elementor-size-large{font-size:29px}.elementor-widget-heading .elementor-heading-title.elementor-size-xl{font-size:39px}.elementor-widget-heading .elementor-heading-title.elementor-size-xxl{font-size:59px}<\/style><h2 class=\"elementor-heading-title elementor-size-default\">Capacitaciones digitales para docentes<\/h2>\t\t<\/div>\n\t\t\t\t<\/div>\n\t\t\t\t<div class=\"elementor-element elementor-element-dd92422 elementor-widget-divider--view-line elementor-widget elementor-widget-divider\" data-id=\"dd92422\" data-element_type=\"widget\" data-widget_type=\"divider.default\">\n\t\t\t\t<div class=\"elementor-widget-container\">\n\t\t\t<style>\/*! elementor - v3.22.0 - 26-06-2024 *\/\n.elementor-widget-divider{--divider-border-style:none;--divider-border-width:1px;--divider-color:#0c0d0e;--divider-icon-size:20px;--divider-element-spacing:10px;--divider-pattern-height:24px;--divider-pattern-size:20px;--divider-pattern-url:none;--divider-pattern-repeat:repeat-x}.elementor-widget-divider .elementor-divider{display:flex}.elementor-widget-divider .elementor-divider__text{font-size:15px;line-height:1;max-width:95%}.elementor-widget-divider .elementor-divider__element{margin:0 var(--divider-element-spacing);flex-shrink:0}.elementor-widget-divider .elementor-icon{font-size:var(--divider-icon-size)}.elementor-widget-divider .elementor-divider-separator{display:flex;margin:0;direction:ltr}.elementor-widget-divider--view-line_icon .elementor-divider-separator,.elementor-widget-divider--view-line_text .elementor-divider-separator{align-items:center}.elementor-widget-divider--view-line_icon .elementor-divider-separator:after,.elementor-widget-divider--view-line_icon .elementor-divider-separator:before,.elementor-widget-divider--view-line_text .elementor-divider-separator:after,.elementor-widget-divider--view-line_text .elementor-divider-separator:before{display:block;content:\"\";border-block-end:0;flex-grow:1;border-block-start:var(--divider-border-width) var(--divider-border-style) var(--divider-color)}.elementor-widget-divider--element-align-left .elementor-divider .elementor-divider-separator>.elementor-divider__svg:first-of-type{flex-grow:0;flex-shrink:100}.elementor-widget-divider--element-align-left .elementor-divider-separator:before{content:none}.elementor-widget-divider--element-align-left .elementor-divider__element{margin-left:0}.elementor-widget-divider--element-align-right .elementor-divider .elementor-divider-separator>.elementor-divider__svg:last-of-type{flex-grow:0;flex-shrink:100}.elementor-widget-divider--element-align-right .elementor-divider-separator:after{content:none}.elementor-widget-divider--element-align-right .elementor-divider__element{margin-right:0}.elementor-widget-divider--element-align-start .elementor-divider .elementor-divider-separator>.elementor-divider__svg:first-of-type{flex-grow:0;flex-shrink:100}.elementor-widget-divider--element-align-start .elementor-divider-separator:before{content:none}.elementor-widget-divider--element-align-start .elementor-divider__element{margin-inline-start:0}.elementor-widget-divider--element-align-end .elementor-divider .elementor-divider-separator>.elementor-divider__svg:last-of-type{flex-grow:0;flex-shrink:100}.elementor-widget-divider--element-align-end .elementor-divider-separator:after{content:none}.elementor-widget-divider--element-align-end .elementor-divider__element{margin-inline-end:0}.elementor-widget-divider:not(.elementor-widget-divider--view-line_text):not(.elementor-widget-divider--view-line_icon) .elementor-divider-separator{border-block-start:var(--divider-border-width) var(--divider-border-style) var(--divider-color)}.elementor-widget-divider--separator-type-pattern{--divider-border-style:none}.elementor-widget-divider--separator-type-pattern.elementor-widget-divider--view-line .elementor-divider-separator,.elementor-widget-divider--separator-type-pattern:not(.elementor-widget-divider--view-line) .elementor-divider-separator:after,.elementor-widget-divider--separator-type-pattern:not(.elementor-widget-divider--view-line) .elementor-divider-separator:before,.elementor-widget-divider--separator-type-pattern:not([class*=elementor-widget-divider--view]) .elementor-divider-separator{width:100%;min-height:var(--divider-pattern-height);-webkit-mask-size:var(--divider-pattern-size) 100%;mask-size:var(--divider-pattern-size) 100%;-webkit-mask-repeat:var(--divider-pattern-repeat);mask-repeat:var(--divider-pattern-repeat);background-color:var(--divider-color);-webkit-mask-image:var(--divider-pattern-url);mask-image:var(--divider-pattern-url)}.elementor-widget-divider--no-spacing{--divider-pattern-size:auto}.elementor-widget-divider--bg-round{--divider-pattern-repeat:round}.rtl .elementor-widget-divider .elementor-divider__text{direction:rtl}.e-con-inner>.elementor-widget-divider,.e-con>.elementor-widget-divider{width:var(--container-widget-width,100%);--flex-grow:var(--container-widget-flex-grow)}<\/style>\t\t<div class=\"elementor-divider\">\n\t\t\t<span class=\"elementor-divider-separator\">\n\t\t\t\t\t\t<\/span>\n\t\t<\/div>\n\t\t\t\t<\/div>\n\t\t\t\t<\/div>\n\t\t\t\t<div class=\"elementor-element elementor-element-bf57918 elementor-invisible elementor-widget elementor-widget-heading\" data-id=\"bf57918\" data-element_type=\"widget\" data-settings=\"{&quot;_animation&quot;:&quot;fadeIn&quot;}\" data-widget_type=\"heading.default\">\n\t\t\t\t<div class=\"elementor-widget-container\">\n\t\t\t<h4 class=\"elementor-heading-title elementor-size-default\">La capacitaci\u00f3n del profesorado cuesta $150 por usuario e incluye:<\/h4>\t\t<\/div>\n\t\t\t\t<\/div>\n\t\t\t\t<div class=\"elementor-element elementor-element-95c29d7 elementor-widget elementor-widget-text-editor\" data-id=\"95c29d7\" data-element_type=\"widget\" data-widget_type=\"text-editor.default\">\n\t\t\t\t<div class=\"elementor-widget-container\">\n\t\t\t<style>\/*! elementor - v3.22.0 - 26-06-2024 *\/\n.elementor-widget-text-editor.elementor-drop-cap-view-stacked .elementor-drop-cap{background-color:#69727d;color:#fff}.elementor-widget-text-editor.elementor-drop-cap-view-framed .elementor-drop-cap{color:#69727d;border:3px solid;background-color:transparent}.elementor-widget-text-editor:not(.elementor-drop-cap-view-default) .elementor-drop-cap{margin-top:8px}.elementor-widget-text-editor:not(.elementor-drop-cap-view-default) .elementor-drop-cap-letter{width:1em;height:1em}.elementor-widget-text-editor .elementor-drop-cap{float:left;text-align:center;line-height:1;font-size:50px}.elementor-widget-text-editor .elementor-drop-cap-letter{display:inline-block}<\/style>\t\t\t\t<ul><li><strong>Cursos de formaci\u00f3n:<\/strong> El Curso de Aprendizaje Digital ofrece a los educadores instrucci\u00f3n interactiva p\u00e1gina por p\u00e1gina para cada libro de trabajo. Cada cap\u00edtulo incluye demostraciones en video de actividades pr\u00e1cticas que complementan el contenido.<\/li><li><strong>V\u00eddeos de formaci\u00f3n:<\/strong> Un video con una descripci\u00f3n general de cada cap\u00edtulo de cada libro de trabajo que incluye ocho sesiones de video de 30 minutos. Hay horas de desarrollo profesional disponibles para determinados estados.<\/li><li><strong>Gu\u00edas para profesores:<\/strong> Hay disponible una versi\u00f3n en PDF de la Gu\u00eda del Profesor de cada libro de ejercicios. La versi\u00f3n f\u00edsica de la Gu\u00eda del Profesor tambi\u00e9n est\u00e1 disponible para su compra en la tienda.<\/li><\/ul>\t\t\t\t\t\t<\/div>\n\t\t\t\t<\/div>\n\t\t\t\t<div class=\"elementor-element elementor-element-2e4d87a elementor-widget elementor-widget-shortcode\" data-id=\"2e4d87a\" data-element_type=\"widget\" data-widget_type=\"shortcode.default\">\n\t\t\t\t<div class=\"elementor-widget-container\">\n\t\t\t\t\t<div class=\"elementor-shortcode\"><div id=\"ld-course-list-content-c0d81be6ddeac438fb408ca67d6665e3\" class=\"ld-course-list-content\" data-shortcode-atts=\"{&quot;col&quot;:&quot;4&quot;,&quot;course_cat&quot;:&quot;93&quot;,&quot;progress_bar&quot;:&quot;true&quot;,&quot;orderby&quot;:&quot;menu_order&quot;,&quot;order&quot;:&quot;ASC&quot;}\">\n\t\t\t<div class=\"ld-course-list-items row\">\n\t<!-- LearnDash Course Grid v1 --><div class=\"ld_course_grid col-sm-6 col-md-3\">\n\t<article id=\"post-584577\" class=\"thumbnail course post-584577 sfwd-courses type-sfwd-courses status-publish has-post-thumbnail hentry ld_course_category-teacher-training-course\">\n\t\t\t\t\t\t\t\t<div class=\"ribbon\">\n\t\t\t\t150\t\t\t<\/div>\n\t\t\t\n\t\t\t\t\t\t<a href=\"https:\/\/successsequence.com\/es\/courses\/game-plan-teacher-training\/\" rel=\"bookmark\">\n\t\t\t\t<img fetchpriority=\"high\" decoding=\"async\" width=\"232\" height=\"300\" src=\"https:\/\/successsequence.com\/wp-content\/uploads\/2024\/02\/Game_Plan_Student_Cover-232x300.jpg\" class=\"attachment-medium size-medium wp-post-image\" alt=\"\" srcset=\"https:\/\/successsequence.com\/wp-content\/uploads\/2024\/02\/Game_Plan_Student_Cover-232x300.jpg 232w, https:\/\/successsequence.com\/wp-content\/uploads\/2024\/02\/Game_Plan_Student_Cover-791x1024.jpg 791w, https:\/\/successsequence.com\/wp-content\/uploads\/2024\/02\/Game_Plan_Student_Cover-768x994.jpg 768w, https:\/\/successsequence.com\/wp-content\/uploads\/2024\/02\/Game_Plan_Student_Cover-1187x1536.jpg 1187w, https:\/\/successsequence.com\/wp-content\/uploads\/2024\/02\/Game_Plan_Student_Cover-1583x2048.jpg 1583w, https:\/\/successsequence.com\/wp-content\/uploads\/2024\/02\/Game_Plan_Student_Cover-9x12.jpg 9w, https:\/\/successsequence.com\/wp-content\/uploads\/2024\/02\/Game_Plan_Student_Cover-300x388.jpg 300w, https:\/\/successsequence.com\/wp-content\/uploads\/2024\/02\/Game_Plan_Student_Cover-600x776.jpg 600w, https:\/\/successsequence.com\/wp-content\/uploads\/2024\/02\/Game_Plan_Student_Cover-scaled.jpg 1978w\" sizes=\"(max-width: 232px) 100vw, 232px\" \/>\t\t\t<\/a>\n\t\t\t\t\t\n\t\t\t\t\t<div class=\"caption\">\n\t\t\t\t<h3 class=\"entry-title\">Plan de juego para la formaci\u00f3n de profesores<\/h3>\n\t\t\t\t\t\t\t\t<div class=\"ld_course_grid_button\"><a class=\"btn btn-primary\" role=\"button\" href=\"https:\/\/successsequence.com\/es\/courses\/game-plan-teacher-training\/\" rel=\"bookmark\">Enl\u00edstate ahora<\/a><\/div>\n\t\t\t\t\t\t\t\t\t\t\t\t\t\t\t\t\t\t\t\t\t\t\t\t\t\t\t<\/div><!-- .entry-header -->\n\t\t\t<\/article><!-- #post-## -->\n<\/div><!-- .ld_course_grid -->\n<!-- LearnDash Course Grid v1 --><div class=\"ld_course_grid col-sm-6 col-md-3\">\n\t<article id=\"post-584932\" class=\"thumbnail course post-584932 sfwd-courses type-sfwd-courses status-publish has-post-thumbnail hentry ld_course_category-teacher-training-course\">\n\t\t\t\t\t\t\t\t<div class=\"ribbon\">\n\t\t\t\t150\t\t\t<\/div>\n\t\t\t\n\t\t\t\t\t\t<a href=\"https:\/\/successsequence.com\/es\/courses\/aspire-teacher-training\/\" rel=\"bookmark\">\n\t\t\t\t<img decoding=\"async\" width=\"232\" height=\"300\" src=\"https:\/\/successsequence.com\/wp-content\/uploads\/2018\/11\/Aspire_SB_Cover-232x300.jpg\" class=\"attachment-medium size-medium wp-post-image\" alt=\"\" srcset=\"https:\/\/successsequence.com\/wp-content\/uploads\/2018\/11\/Aspire_SB_Cover-232x300.jpg 232w, https:\/\/successsequence.com\/wp-content\/uploads\/2018\/11\/Aspire_SB_Cover-300x388.jpg 300w, https:\/\/successsequence.com\/wp-content\/uploads\/2018\/11\/Aspire_SB_Cover-600x777.jpg 600w, https:\/\/successsequence.com\/wp-content\/uploads\/2018\/11\/Aspire_SB_Cover-768x994.jpg 768w, https:\/\/successsequence.com\/wp-content\/uploads\/2018\/11\/Aspire_SB_Cover-791x1024.jpg 791w, https:\/\/successsequence.com\/wp-content\/uploads\/2018\/11\/Aspire_SB_Cover.jpg 900w\" sizes=\"(max-width: 232px) 100vw, 232px\" \/>\t\t\t<\/a>\n\t\t\t\t\t\n\t\t\t\t\t<div class=\"caption\">\n\t\t\t\t<h3 class=\"entry-title\">Formaci\u00f3n de profesores Aspire<\/h3>\n\t\t\t\t\t\t\t\t<div class=\"ld_course_grid_button\"><a class=\"btn btn-primary\" role=\"button\" href=\"https:\/\/successsequence.com\/es\/courses\/aspire-teacher-training\/\" rel=\"bookmark\">Enl\u00edstate ahora<\/a><\/div>\n\t\t\t\t\t\t\t\t\t\t\t\t\t\t\t\t\t\t\t\t\t\t\t\t\t\t\t<\/div><!-- .entry-header -->\n\t\t\t<\/article><!-- #post-## -->\n<\/div><!-- .ld_course_grid -->\n<!-- LearnDash Course Grid v1 --><div class=\"ld_course_grid col-sm-6 col-md-3\">\n\t<article id=\"post-585141\" class=\"thumbnail course post-585141 sfwd-courses type-sfwd-courses status-publish has-post-thumbnail hentry ld_course_category-teacher-training-course\">\n\t\t\t\t\t\t\t\t<div class=\"ribbon\">\n\t\t\t\t150\t\t\t<\/div>\n\t\t\t\n\t\t\t\t\t\t<a href=\"https:\/\/successsequence.com\/es\/courses\/quest-teacher-training\/\" rel=\"bookmark\">\n\t\t\t\t<img decoding=\"async\" width=\"230\" height=\"300\" src=\"https:\/\/successsequence.com\/wp-content\/uploads\/2018\/11\/Quest_SB_Cover-230x300.jpg\" class=\"attachment-medium size-medium wp-post-image\" alt=\"\" srcset=\"https:\/\/successsequence.com\/wp-content\/uploads\/2018\/11\/Quest_SB_Cover-230x300.jpg 230w, https:\/\/successsequence.com\/wp-content\/uploads\/2018\/11\/Quest_SB_Cover-300x391.jpg 300w, https:\/\/successsequence.com\/wp-content\/uploads\/2018\/11\/Quest_SB_Cover-600x781.jpg 600w, https:\/\/successsequence.com\/wp-content\/uploads\/2018\/11\/Quest_SB_Cover-768x1000.jpg 768w, https:\/\/successsequence.com\/wp-content\/uploads\/2018\/11\/Quest_SB_Cover-787x1024.jpg 787w\" sizes=\"(max-width: 230px) 100vw, 230px\" \/>\t\t\t<\/a>\n\t\t\t\t\t\n\t\t\t\t\t<div class=\"caption\">\n\t\t\t\t<h3 class=\"entry-title\">Formaci\u00f3n de profesores de Quest<\/h3>\n\t\t\t\t\t\t\t\t<div class=\"ld_course_grid_button\"><a class=\"btn btn-primary\" role=\"button\" href=\"https:\/\/successsequence.com\/es\/courses\/quest-teacher-training\/\" rel=\"bookmark\">Enl\u00edstate ahora<\/a><\/div>\n\t\t\t\t\t\t\t\t\t\t\t\t\t\t\t\t\t\t\t\t\t\t\t\t\t\t\t<\/div><!-- .entry-header -->\n\t\t\t<\/article><!-- #post-## -->\n<\/div><!-- .ld_course_grid -->\n<!-- LearnDash Course Grid v1 --><div class=\"ld_course_grid col-sm-6 col-md-3\">\n\t<article id=\"post-585143\" class=\"thumbnail course post-585143 sfwd-courses type-sfwd-courses status-publish has-post-thumbnail hentry ld_course_category-teacher-training-course\">\n\t\t\t\t\t\t\t\t<div class=\"ribbon\">\n\t\t\t\t150\t\t\t<\/div>\n\t\t\t\n\t\t\t\t\t\t<a href=\"https:\/\/successsequence.com\/es\/courses\/navigator-teacher-training\/\" rel=\"bookmark\">\n\t\t\t\t<img loading=\"lazy\" decoding=\"async\" width=\"232\" height=\"300\" src=\"https:\/\/successsequence.com\/wp-content\/uploads\/2019\/07\/Navigator_Teacher_New_Cover-232x300.jpg\" class=\"attachment-medium size-medium wp-post-image\" alt=\"\" srcset=\"https:\/\/successsequence.com\/wp-content\/uploads\/2019\/07\/Navigator_Teacher_New_Cover-232x300.jpg 232w, https:\/\/successsequence.com\/wp-content\/uploads\/2019\/07\/Navigator_Teacher_New_Cover-300x388.jpg 300w, https:\/\/successsequence.com\/wp-content\/uploads\/2019\/07\/Navigator_Teacher_New_Cover-600x776.jpg 600w, https:\/\/successsequence.com\/wp-content\/uploads\/2019\/07\/Navigator_Teacher_New_Cover-768x994.jpg 768w, https:\/\/successsequence.com\/wp-content\/uploads\/2019\/07\/Navigator_Teacher_New_Cover-791x1024.jpg 791w\" sizes=\"(max-width: 232px) 100vw, 232px\" \/>\t\t\t<\/a>\n\t\t\t\t\t\n\t\t\t\t\t<div class=\"caption\">\n\t\t\t\t<h3 class=\"entry-title\">Formaci\u00f3n de profesores de Navigator<\/h3>\n\t\t\t\t\t\t\t\t<div class=\"ld_course_grid_button\"><a class=\"btn btn-primary\" role=\"button\" href=\"https:\/\/successsequence.com\/es\/courses\/navigator-teacher-training\/\" rel=\"bookmark\">Enl\u00edstate ahora<\/a><\/div>\n\t\t\t\t\t\t\t\t\t\t\t\t\t\t\t\t\t\t\t\t\t\t\t\t\t\t\t<\/div><!-- .entry-header -->\n\t\t\t<\/article><!-- #post-## -->\n<\/div><!-- .ld_course_grid -->\n\t<\/div>\n\t\t\t<\/div>\n\t\t<\/div>\n\t\t\t\t<\/div>\n\t\t\t\t<\/div>\n\t\t\t\t\t<\/div>\n\t\t<\/div>\n\t\t\t\t\t<\/div>\n\t\t<\/section>\n\t\t\t\t<\/div>","protected":false},"excerpt":{"rendered":"<p>Capacitaci\u00f3n digital para docentes. La capacitaci\u00f3n para docentes tiene un costo de $150 por usuario e incluye: Cursos de capacitaci\u00f3n: El Curso de Aprendizaje Digital ofrece a los educadores instrucci\u00f3n interactiva p\u00e1gina por p\u00e1gina para cada libro de trabajo. Cada cap\u00edtulo incluye demostraciones en video de actividades pr\u00e1cticas que complementan el contenido. Videos de capacitaci\u00f3n: Un video resumen cap\u00edtulo por cap\u00edtulo para cada libro de trabajo, que incluye 8 videos de 30 minutos...<\/p>\n<p class=\"read-more\"> <a class=\"\" href=\"https:\/\/successsequence.com\/es\/teacher-training\/\"> <span class=\"screen-reader-text\">Formaci\u00f3n de profesores<\/span> Leer m\u00e1s \u00bb<\/a><\/p>","protected":false},"author":1,"featured_media":0,"parent":0,"menu_order":0,"comment_status":"closed","ping_status":"closed","template":"","meta":{"_acf_changed":false,"site-sidebar-layout":"no-sidebar","site-content-layout":"page-builder","ast-global-header-display":"","ast-main-header-display":"","ast-hfb-above-header-display":"","ast-hfb-below-header-display":"","ast-hfb-mobile-header-display":"","site-post-title":"disabled","ast-breadcrumbs-content":"","ast-featured-img":"disabled","footer-sml-layout":"","theme-transparent-header-meta":"default","adv-header-id-meta":"","stick-header-meta":"","header-above-stick-meta":"","header-main-stick-meta":"","header-below-stick-meta":"","footnotes":""},"acf":[],"yoast_head":"<!-- This site is optimized with the Yoast SEO plugin v23.0 - https:\/\/yoast.com\/wordpress\/plugins\/seo\/ -->\n<title>Teacher Training - The Success Sequence Program<\/title>\n<meta name=\"robots\" content=\"index, follow, max-snippet:-1, max-image-preview:large, max-video-preview:-1\" \/>\n<link rel=\"canonical\" href=\"https:\/\/successsequence.com\/es\/teacher-training\/\" \/>\n<meta property=\"og:locale\" content=\"es_ES\" \/>\n<meta property=\"og:type\" content=\"article\" \/>\n<meta property=\"og:title\" content=\"Teacher Training - The Success Sequence Program\" \/>\n<meta property=\"og:description\" content=\"Digital Teacher Trainings Teacher training is $150\/per user and includes: Training Courses: The Digital Learning Course provides educators page by page interactive instruction for each workbook. Included in each chapter are video demonstrations of hands-on activities that supplement the content. Training Videos: A chapter-by-chapter overview video for each workbook that includes 8 30 minute video &hellip; Teacher Training Leer m\u00e1s &raquo;\" \/>\n<meta property=\"og:url\" content=\"https:\/\/successsequence.com\/es\/teacher-training\/\" \/>\n<meta property=\"og:site_name\" content=\"The Success Sequence Program\" \/>\n<meta property=\"article:modified_time\" content=\"2025-07-02T14:25:02+00:00\" \/>\n<meta name=\"twitter:card\" content=\"summary_large_image\" \/>\n<meta name=\"twitter:label1\" content=\"Tiempo de lectura\" \/>\n\t<meta name=\"twitter:data1\" content=\"1 minuto\" \/>\n<script type=\"application\/ld+json\" class=\"yoast-schema-graph\">{\"@context\":\"https:\/\/schema.org\",\"@graph\":[{\"@type\":\"WebPage\",\"@id\":\"https:\/\/successsequence.com\/teacher-training\/\",\"url\":\"https:\/\/successsequence.com\/teacher-training\/\",\"name\":\"Teacher Training - The Success Sequence Program\",\"isPartOf\":{\"@id\":\"https:\/\/successsequence.com\/#website\"},\"datePublished\":\"2019-07-04T13:09:05+00:00\",\"dateModified\":\"2025-07-02T14:25:02+00:00\",\"breadcrumb\":{\"@id\":\"https:\/\/successsequence.com\/teacher-training\/#breadcrumb\"},\"inLanguage\":\"es\",\"potentialAction\":[{\"@type\":\"ReadAction\",\"target\":[\"https:\/\/successsequence.com\/teacher-training\/\"]}]},{\"@type\":\"BreadcrumbList\",\"@id\":\"https:\/\/successsequence.com\/teacher-training\/#breadcrumb\",\"itemListElement\":[{\"@type\":\"ListItem\",\"position\":1,\"name\":\"Home\",\"item\":\"https:\/\/successsequence.com\/\"},{\"@type\":\"ListItem\",\"position\":2,\"name\":\"Teacher Training\"}]},{\"@type\":\"WebSite\",\"@id\":\"https:\/\/successsequence.com\/#website\",\"url\":\"https:\/\/successsequence.com\/\",\"name\":\"The Success Sequence Program\",\"description\":\"Online Learning from A&amp;M Resources\",\"potentialAction\":[{\"@type\":\"SearchAction\",\"target\":{\"@type\":\"EntryPoint\",\"urlTemplate\":\"https:\/\/successsequence.com\/?s={search_term_string}\"},\"query-input\":\"required name=search_term_string\"}],\"inLanguage\":\"es\"}]}<\/script>\n<!-- \/ Yoast SEO plugin. -->","yoast_head_json":{"title":"Teacher Training - The Success Sequence Program","robots":{"index":"index","follow":"follow","max-snippet":"max-snippet:-1","max-image-preview":"max-image-preview:large","max-video-preview":"max-video-preview:-1"},"canonical":"https:\/\/successsequence.com\/es\/teacher-training\/","og_locale":"es_ES","og_type":"article","og_title":"Teacher Training - The Success Sequence Program","og_description":"Digital Teacher Trainings Teacher training is $150\/per user and includes: Training Courses: The Digital Learning Course provides educators page by page interactive instruction for each workbook. Included in each chapter are video demonstrations of hands-on activities that supplement the content. Training Videos: A chapter-by-chapter overview video for each workbook that includes 8 30 minute video &hellip; Teacher Training Leer m\u00e1s &raquo;","og_url":"https:\/\/successsequence.com\/es\/teacher-training\/","og_site_name":"The Success Sequence Program","article_modified_time":"2025-07-02T14:25:02+00:00","twitter_card":"summary_large_image","twitter_misc":{"Tiempo de lectura":"1 minuto"},"schema":{"@context":"https:\/\/schema.org","@graph":[{"@type":"WebPage","@id":"https:\/\/successsequence.com\/teacher-training\/","url":"https:\/\/successsequence.com\/teacher-training\/","name":"Teacher Training - The Success Sequence Program","isPartOf":{"@id":"https:\/\/successsequence.com\/#website"},"datePublished":"2019-07-04T13:09:05+00:00","dateModified":"2025-07-02T14:25:02+00:00","breadcrumb":{"@id":"https:\/\/successsequence.com\/teacher-training\/#breadcrumb"},"inLanguage":"es","potentialAction":[{"@type":"ReadAction","target":["https:\/\/successsequence.com\/teacher-training\/"]}]},{"@type":"BreadcrumbList","@id":"https:\/\/successsequence.com\/teacher-training\/#breadcrumb","itemListElement":[{"@type":"ListItem","position":1,"name":"Home","item":"https:\/\/successsequence.com\/"},{"@type":"ListItem","position":2,"name":"Teacher Training"}]},{"@type":"WebSite","@id":"https:\/\/successsequence.com\/#website","url":"https:\/\/successsequence.com\/","name":"The Success Sequence Program","description":"Online Learning from A&amp;M Resources","potentialAction":[{"@type":"SearchAction","target":{"@type":"EntryPoint","urlTemplate":"https:\/\/successsequence.com\/?s={search_term_string}"},"query-input":"required name=search_term_string"}],"inLanguage":"es"}]}},"_links":{"self":[{"href":"https:\/\/successsequence.com\/es\/wp-json\/wp\/v2\/pages\/501"}],"collection":[{"href":"https:\/\/successsequence.com\/es\/wp-json\/wp\/v2\/pages"}],"about":[{"href":"https:\/\/successsequence.com\/es\/wp-json\/wp\/v2\/types\/page"}],"author":[{"embeddable":true,"href":"https:\/\/successsequence.com\/es\/wp-json\/wp\/v2\/users\/1"}],"replies":[{"embeddable":true,"href":"https:\/\/successsequence.com\/es\/wp-json\/wp\/v2\/comments?post=501"}],"version-history":[{"count":35,"href":"https:\/\/successsequence.com\/es\/wp-json\/wp\/v2\/pages\/501\/revisions"}],"predecessor-version":[{"id":589099,"href":"https:\/\/successsequence.com\/es\/wp-json\/wp\/v2\/pages\/501\/revisions\/589099"}],"wp:attachment":[{"href":"https:\/\/successsequence.com\/es\/wp-json\/wp\/v2\/media?parent=501"}],"curies":[{"name":"wp","href":"https:\/\/api.w.org\/{rel}","templated":true}]}}